{"id":66,"date":"2021-12-16T15:11:34","date_gmt":"2021-12-16T15:11:34","guid":{"rendered":"https:\/\/ctextilsustentable.org\/es\/?page_id=66"},"modified":"2021-12-16T21:07:24","modified_gmt":"2021-12-16T21:07:24","slug":"textiles-y-moda-iniciativa-sectorial","status":"publish","type":"page","link":"https:\/\/ctextilsustentable.org\/es\/textiles-y-moda-iniciativa-sectorial\/","title":{"rendered":"Textiles y Moda: iniciativa sectorial"},"content":{"rendered":"<div class=\"row\">\n<div class=\"span12\">\n<div class=\"how-we-can-help-wrap\">\n<figure class=\"thumbnail alignnone clearfix\">\n<div class=\"row-fluid\">\n<div class=\"clear\"><\/div>\n<p style=\"margin: 11px\"><span style=\"font-size: 11pt; color:#000000\"><i>La primera iniciativa sectorial<\/i> del Pacto Mundial de Naciones Unidas. Se trata de un <b>C\u00f3digo de Conducta y Manual para el Sector Textil y de la Moda<\/b> desarrollado en conjunto entre la Nordic Fashion Association, Nordic Initiative Clean and Ethical -NICE- y el Pacto Mundial. En palabras de George Kell \u2013Director Ejecutivo del Global Compact de Naciones Unidas al momento del lanzamiento de esta iniciativa-: <i>\u00abLa industria textil y de la moda, que enfrenta desaf\u00edos sociales y ambientales serios y muy divulgados, se encuentra en una posici\u00f3n \u00fanica para el lanzamiento de una iniciativa sectorial bajo la \u00e9gida del Pacto Mundial de las Naciones Unidas. Estamos muy entusiasmados con este esfuerzo y esperamos con ansias la colaboraci\u00f3n con NICE y sus socios\u201d<\/i>.<\/span><\/p>\n<p style=\"margin: 11px\"><span style=\"font-size: 11pt; color:#000000\">Si desea descargar la versi\u00f3n en espa\u00f1ol del <b>C\u00f3digo de Conducta y Manual para el Sector Textil y de la Moda<\/b>\u2026 <a href=\"https:\/\/ctextilsustentable.org\/es\/wp-content\/uploads\/2021\/12\/NICE-UNGC.pdf\" target=\"_blank\" rel=\"noopener\"><span style=\"color:#004448\"><b>clickee aqu\u00ed<\/b><\/span><\/a><\/span><\/p>\n<\/div>\n<\/figure>\n<\/div>\n<\/div>\n<\/div>\n","protected":false},"excerpt":{"rendered":"<p>La primera iniciativa sectorial del Pacto Mundial de Naciones Unidas. Se trata de un C\u00f3digo de Conducta y Manual para el Sector Textil y de la Moda desarrollado en conjunto entre la Nordic Fashion Association, Nordic Initiative Clean and Ethical -NICE- y el Pacto Mundial. En palabras de George Kell \u2013Director Ejecutivo del Global Compact de Naciones Unidas al momento&nbsp;<a href=\"https:\/\/ctextilsustentable.org\/es\/textiles-y-moda-iniciativa-sectorial\/\" class=\"read-more\">Seguir leyendo<\/a><\/p>\n","protected":false},"author":2,"featured_media":0,"parent":0,"menu_order":0,"comment_status":"closed","ping_status":"closed","template":"page-fullwidth.php","meta":{"footnotes":""},"class_list":["post-66","page","type-page","status-publish","hentry"],"_links":{"self":[{"href":"https:\/\/ctextilsustentable.org\/es\/wp-json\/wp\/v2\/pages\/66","targetHints":{"allow":["GET"]}}],"collection":[{"href":"https:\/\/ctextilsustentable.org\/es\/wp-json\/wp\/v2\/pages"}],"about":[{"href":"https:\/\/ctextilsustentable.org\/es\/wp-json\/wp\/v2\/types\/page"}],"author":[{"embeddable":true,"href":"https:\/\/ctextilsustentable.org\/es\/wp-json\/wp\/v2\/users\/2"}],"replies":[{"embeddable":true,"href":"https:\/\/ctextilsustentable.org\/es\/wp-json\/wp\/v2\/comments?post=66"}],"version-history":[{"count":2,"href":"https:\/\/ctextilsustentable.org\/es\/wp-json\/wp\/v2\/pages\/66\/revisions"}],"predecessor-version":[{"id":123,"href":"https:\/\/ctextilsustentable.org\/es\/wp-json\/wp\/v2\/pages\/66\/revisions\/123"}],"wp:attachment":[{"href":"https:\/\/ctextilsustentable.org\/es\/wp-json\/wp\/v2\/media?parent=66"}],"curies":[{"name":"wp","href":"https:\/\/api.w.org\/{rel}","templated":true}]}}