{"id":58,"date":"2021-12-16T15:10:06","date_gmt":"2021-12-16T15:10:06","guid":{"rendered":"https:\/\/ctextilsustentable.org\/es\/?page_id=58"},"modified":"2023-12-11T21:29:33","modified_gmt":"2023-12-11T21:29:33","slug":"pacto-mundial-y-prme","status":"publish","type":"page","link":"https:\/\/ctextilsustentable.org\/es\/pacto-mundial-y-prme\/","title":{"rendered":"Pacto Mundial y PRME"},"content":{"rendered":"<div class=\"row\">\n<div class=\"span12\">\n<div class=\"how-we-can-help-wrap\">\n<figure class=\"thumbnail alignnone clearfix\">\n<div class=\"row-fluid\">\n<div class=\"clear\"><\/div>\n<p style=\"margin: 11px\"><span style=\"font-size: 11pt; color:#000000\">El Centro Textil Sustentable -al depender del Instituto de Estudios para la Sustentabilidad Corporativa- estaba adherido al Pacto Mundial de Naciones Unidas que es una iniciativa dirigida al sector privado para el logro del Desarrollo Sustentable.<\/span><\/p>\n<p style=\"margin: 11px\"><span style=\"font-size: 11pt; color:#000000\">Tambi\u00e9n estaba adherido -por la misma raz\u00f3n- a los Principios de Educaci\u00f3n Responsable en Management que es una iniciativa del Pacto Global de Naciones Unidas, para que las casas de estudios focalicen su investigaci\u00f3n y ense\u00f1anza en la sostenibilidad con el fin de contribuir al logro de una sociedad m\u00e1s inclusiva.<\/span><\/p>\n<p style=\"margin: 11px\"><span style=\"font-size: 11pt; color:#000000\">Luego de una etapa de 20 a\u00f1os proponiendo y realizando iniciativas que llevaron a la Red local a un claro liderazgo en Latinoam\u00e9rica en la integraci\u00f3n de la sostenibilidad en los textiles y la moda, el Instituto de Estudios para la Sustentabilidad Corporativa junto al Centro Textil Sustentable han considerado -dicha etapa- un ciclo finalizado.<\/span><\/p>\n<\/div>\n<\/figure>\n<\/div>\n<\/div>\n<\/div>\n","protected":false},"excerpt":{"rendered":"<p>El Centro Textil Sustentable -al depender del Instituto de Estudios para la Sustentabilidad Corporativa- estaba adherido al Pacto Mundial de Naciones Unidas que es una iniciativa dirigida al sector privado para el logro del Desarrollo Sustentable. Tambi\u00e9n estaba adherido -por la misma raz\u00f3n- a los Principios de Educaci\u00f3n Responsable en Management que es una iniciativa del Pacto Global de Naciones&nbsp;<a href=\"https:\/\/ctextilsustentable.org\/es\/pacto-mundial-y-prme\/\" class=\"read-more\">Seguir leyendo<\/a><\/p>\n","protected":false},"author":2,"featured_media":0,"parent":0,"menu_order":0,"comment_status":"closed","ping_status":"closed","template":"page-fullwidth.php","meta":{"footnotes":""},"class_list":["post-58","page","type-page","status-publish","hentry"],"_links":{"self":[{"href":"https:\/\/ctextilsustentable.org\/es\/wp-json\/wp\/v2\/pages\/58","targetHints":{"allow":["GET"]}}],"collection":[{"href":"https:\/\/ctextilsustentable.org\/es\/wp-json\/wp\/v2\/pages"}],"about":[{"href":"https:\/\/ctextilsustentable.org\/es\/wp-json\/wp\/v2\/types\/page"}],"author":[{"embeddable":true,"href":"https:\/\/ctextilsustentable.org\/es\/wp-json\/wp\/v2\/users\/2"}],"replies":[{"embeddable":true,"href":"https:\/\/ctextilsustentable.org\/es\/wp-json\/wp\/v2\/comments?post=58"}],"version-history":[{"count":5,"href":"https:\/\/ctextilsustentable.org\/es\/wp-json\/wp\/v2\/pages\/58\/revisions"}],"predecessor-version":[{"id":237,"href":"https:\/\/ctextilsustentable.org\/es\/wp-json\/wp\/v2\/pages\/58\/revisions\/237"}],"wp:attachment":[{"href":"https:\/\/ctextilsustentable.org\/es\/wp-json\/wp\/v2\/media?parent=58"}],"curies":[{"name":"wp","href":"https:\/\/api.w.org\/{rel}","templated":true}]}}