{"id":52,"date":"2021-12-16T15:08:48","date_gmt":"2021-12-16T15:08:48","guid":{"rendered":"https:\/\/ctextilsustentable.org\/es\/?page_id=52"},"modified":"2023-12-05T12:47:31","modified_gmt":"2023-12-05T12:47:31","slug":"libros","status":"publish","type":"page","link":"https:\/\/ctextilsustentable.org\/es\/libros\/","title":{"rendered":"Libros"},"content":{"rendered":"<div class=\"row\">\n<div class=\"span12\">\n<div class=\"how-we-can-help-wrap\">\n<figure class=\"thumbnail alignnone clearfix\">\n<div class=\"row-fluid\">\n<div class=\"clear\"><\/div>\n<p style=\"margin: 11px\"><span style=\"font-size: 11pt; color:#000000\"><img decoding=\"async\" class=\"alignleft\" src=\"https:\/\/ctextilsustentable.org\/es\/wp-content\/uploads\/2023\/12\/Libro-MAG-016.jpg\">Este libro -presentado en Mayo de 2023 y desarrollado por Miguel Angel Gardetti y Patricia Larios-Francia- destaca que la moda, y el crecimiento de la moda, se presentan como la manifestaci\u00f3n de un proceso de civilizaci\u00f3n, dentro de una cultura capitalista (capital entendido como posesiones materiales) que se ha vuelto global e imperialista, de la cual -en un sentido econ\u00f3mico- la industria (\u00bfo el sistema de la moda?) funciona como uno de sus principales instrumentos de explotaci\u00f3n. Por ello este libro propone una mirada decolonial a este problema.<\/span><\/p>\n<\/div>\n<\/figure>\n<figure class=\"thumbnail alignnone clearfix\">\n<div class=\"row-fluid\">\n<div class=\"clear\"><\/div>\n<p style=\"margin: 11px\"><span style=\"font-size: 11pt; color:#000000\"><a href=\"https:\/\/link.springer.com\/book\/10.1007\/978-981-16-2466-7\" target=\"_blank\" rel=\"noopener\"><img decoding=\"async\" class=\"alignleft\" src=\"https:\/\/ctextilsustentable.org\/es\/wp-content\/uploads\/2022\/01\/Libro-MAG-015.jpg\"><\/a>Este libro -presentado en 2021 y desarrollado por <b>Subramanian Senthilkannan Muthu y Miguel \u00c1ngel Gardetti<\/b>&#8211; destaca el ecodise\u00f1o y dise\u00f1o sostenible en el sector textil y de la moda, destinado a reducir su impacto ambiental a lo largo de su ciclo de vida. El dise\u00f1o sostenible es uno de los elementos fundamentales que se practican en diversos sectores industriales. El sector textil y de la moda, adem\u00e1s, est\u00e1 generando un enorme impacto medioambiental en cuanto a las distintas fibras, procesos, consumo de diversos recursos como tintes, productos qu\u00edmicos y auxiliares, etc. Por ello, el dise\u00f1o sostenible es la clave para reducir el impacto medioambiental de los productos textiles y de moda. Este libro incluye siete cap\u00edtulos informativos para descifrar el concepto y las aplicaciones del dise\u00f1o sostenible en los textiles y la moda.<\/span><\/p>\n<\/div>\n<\/figure>\n<figure class=\"thumbnail alignnone clearfix\">\n<div class=\"row-fluid\">\n<div class=\"clear\"><\/div>\n<p style=\"margin: 11px\"><span style=\"font-size: 11pt; color:#000000\"><a href=\"https:\/\/link.springer.com\/book\/10.1007\/978-981-16-1850-5\" target=\"_blank\" rel=\"noopener\"><img decoding=\"async\" class=\"alignleft\" src=\"https:\/\/ctextilsustentable.org\/es\/wp-content\/uploads\/2022\/01\/Libro-MAG-014.jpg\"><\/a>Desarrollado por <b>Miguel Angel Gardetti y Rosa Patricia Larios-Francia<\/b>, este libro -presentado en 2021- destaca los aspectos sostenibles de la moda y los textiles en Am\u00e9rica Latina y analiza c\u00f3mo la fabricaci\u00f3n y el consumo de productos textiles y de la moda son fuentes importantes de da\u00f1os medioambientales. Aborda importantes cuestiones relacionadas con el consumo de agua y energ\u00eda en la industria textil y de la moda y, mediante estudios de casos, presenta c\u00f3mo las responsabilidades sociales en el comportamiento de los consumidores pueden ayudar a minimizar estos problemas medioambientales para lograr un futuro mejor.<\/span><\/p>\n<\/div>\n<\/figure>\n<figure class=\"thumbnail alignnone clearfix\">\n<div class=\"row-fluid\">\n<div class=\"clear\"><\/div>\n<p style=\"margin: 11px\"><span style=\"font-size: 11pt; color:#000000\"><a href=\"https:\/\/link.springer.com\/book\/10.1007\/978-3-030-38541-5\" target=\"_blank\" rel=\"noopener\"><img decoding=\"async\" class=\"alignleft\" src=\"https:\/\/ctextilsustentable.org\/es\/wp-content\/uploads\/2022\/01\/Libro-MAG-009.jpg\"><\/a><a href=\"https:\/\/link.springer.com\/book\/10.1007\/978-3-030-38013-7\" target=\"_blank\" rel=\"noopener\"><img decoding=\"async\" class=\"alignleft\" src=\"https:\/\/ctextilsustentable.org\/es\/wp-content\/uploads\/2022\/01\/Libro-MAG-010.jpg\"><\/a><a href=\"https:\/\/link.springer.com\/book\/10.1007\/978-3-030-38545-3\" target=\"_blank\" rel=\"noopener\"><img decoding=\"async\" class=\"alignleft\" src=\"https:\/\/ctextilsustentable.org\/es\/wp-content\/uploads\/2022\/01\/Libro-MAG-011.jpg\"><\/a><a href=\"https:\/\/link.springer.com\/book\/10.1007\/978-3-030-38532-3\" target=\"_blank\" rel=\"noopener\"><img decoding=\"async\" class=\"alignleft\" src=\"https:\/\/ctextilsustentable.org\/es\/wp-content\/uploads\/2022\/01\/Libro-MAG-012.jpg\"><\/a><a href=\"https:\/\/link.springer.com\/book\/10.1007\/978-3-030-37929-2\" target=\"_blank\" rel=\"noopener\"><img decoding=\"async\" class=\"alignleft\" src=\"https:\/\/ctextilsustentable.org\/es\/wp-content\/uploads\/2022\/01\/Libro-MAG-013.jpg\"><\/a>Este libro -desarrollado por <b>Subramanian S. Muthu y Miguel Angel Gardetti<\/b>&#8211; est\u00e1 constituido por conjunto de cinco vol\u00famenes que exploran la sostenibilidad en las pr\u00e1cticas de la industria textil y del vestir a nivel mundial. Presentados en 2020, ofrecen estudios de casos que abarcan las implicaciones te\u00f3ricas y pr\u00e1cticas de las cuestiones textiles sostenibles, incluidas las huellas ambientales de la fabricaci\u00f3n de textiles, el comportamiento de los consumidores, el dise\u00f1o ecol\u00f3gico de la ropa y las prendas de vestir, la sostenibilidad de la cadena de suministro, la qu\u00edmica de la fabricaci\u00f3n de textiles, la gesti\u00f3n de residuos y la econom\u00eda textil. El conjunto ser\u00e1 de inter\u00e9s para investigadores, ingenieros, industriales, gestores de I+D y estudiantes que trabajen en qu\u00edmica textil, econom\u00eda, ciencia de los materiales y consumo y producci\u00f3n sostenibles.<\/span><\/p>\n<\/div>\n<\/figure>\n<figure class=\"thumbnail alignnone clearfix\">\n<div class=\"row-fluid\">\n<div class=\"clear\"><\/div>\n<p style=\"margin: 11px\"><span style=\"font-size: 11pt; color:#000000\"><a href=\"https:\/\/link.springer.com\/book\/10.1007\/978-981-10-8782-0\" target=\"_blank\" rel=\"noopener\"><img decoding=\"async\" class=\"alignleft\" src=\"https:\/\/ctextilsustentable.org\/es\/wp-content\/uploads\/2022\/01\/Libro-MAG-008.jpg\"><\/a><b>Miguel Angel Gardetti  y Subramanian Senthilkannan Muthu<\/b> publicaron el libro <a href=\"https:\/\/link.springer.com\/book\/10.1007\/978-981-10-8782-0\" target=\"_blank\" rel=\"noopener\"><span style=\"color:#004448\"><b>\u201cOrganic Cotton\u201d<\/b><\/span><\/a>. Este libro -presentado en 2019- pone de relieve los l\u00edmites tradicionales de la industria textil y analiza hasta qu\u00e9 punto el algod\u00f3n org\u00e1nico es sostenible. Tambi\u00e9n examina las influencias nacionales e internacionales de las pr\u00e1cticas agr\u00edcolas en el algod\u00f3n.<\/span><\/p>\n<\/div>\n<\/figure>\n<figure class=\"thumbnail alignnone clearfix\">\n<div class=\"row-fluid\">\n<div class=\"clear\"><\/div>\n<p style=\"margin: 11px\"><span style=\"font-size: 11pt; color:#000000\"><a href=\"http:\/\/www.springer.com\/us\/book\/9789811005206\" target=\"_blank\" rel=\"noopener\"><img decoding=\"async\" class=\"alignleft\" src=\"https:\/\/ctextilsustentable.org\/es\/wp-content\/uploads\/2021\/12\/LIBRO-MAG-006.jpg\"><\/a> <a href=\"http:\/\/www.springer.com\/us\/book\/9789811005657\" target=\"_blank\" rel=\"noopener\"><img decoding=\"async\" class=\"alignleft\" src=\"https:\/\/ctextilsustentable.org\/es\/wp-content\/uploads\/2021\/12\/LIBRO-MAG-007.jpg\"><\/a><b>Subramanian Senthilkannan Muthu y Miguel Angel Gardetti<\/b> publicaron el libro \u201cSustainable Fibers for the Fashion Industry\u201d.  Estos dos vol\u00famenes cubren casi todas las fibras sustentables aplicables a la industria de la moda e integran la importancia de estas fibras con el contexto de la sustentabilidad. Los dos vol\u00famenes, primeros en su tipo, tratan todos los detalles relacionados con estas fibras, conect\u00e1ndolas con el mundo de la moda (sustentable) y hacen hincapi\u00e9 en la importancia de contar con estas fibras en la elaboraci\u00f3n de prendas de vestir sustentables dado que ellas juegan un papel importante como punto de partida en el ciclo de vida de la ropa.<br \/>\nEl <a href=\"http:\/\/www.springer.com\/us\/book\/9789811005206\" target=\"_blank\" rel=\"noopener\"><span style=\"color:#004448\"><b>primero de los vol\u00famenes<\/b><\/span><\/a> fue presentado en Marzo de 2016 y el <a href=\"http:\/\/www.springer.com\/us\/book\/9789811005657\" target=\"_blank\" rel=\"noopener\"><span style=\"color:#004448\"><b>segundo<\/b><\/span><\/a> en Mayo de 2016.<\/span><\/p>\n<\/div>\n<\/figure>\n<figure class=\"thumbnail alignnone clearfix\">\n<div class=\"row-fluid\">\n<div class=\"clear\"><\/div>\n<p style=\"margin: 11px\"><span style=\"font-size: 11pt; color:#000000\"><a href=\"http:\/\/link.springer.com\/book\/10.1007%2F978-981-10-0765-1\" target=\"_blank\" rel=\"noopener\"><img decoding=\"async\" class=\"alignleft\" src=\"https:\/\/ctextilsustentable.org\/es\/wp-content\/uploads\/2021\/12\/LIBRO-MAG-005.jpg\"><\/a><b>Miguel Angel Gardetti y Subramanian Senthilkannan Muthu<\/b> publicaron el libro <a href=\"http:\/\/link.springer.com\/book\/10.1007%2F978-981-10-0765-1\" target=\"_blank\" rel=\"noopener\"><span style=\"color:#004448\"><b>\u201cEthnic Fashion\u201d<\/b><\/span><\/a>, que es el primer libro dedicado a la moda \u00e9tnica con el objeto de promover y revalorizar principalmente las culturas originarias.  Aborda la importancia de la sostenibilidad (incluida la cultura) y lo \u00e9tnico en la industria del vestido. Tambi\u00e9n se destacan los conceptos y estudios de casos relacionados con la moda \u00e9tnica.<\/span><\/p>\n<\/div>\n<\/figure>\n<figure class=\"thumbnail alignnone clearfix\">\n<div class=\"row-fluid\">\n<div class=\"clear\"><\/div>\n<p style=\"margin: 11px\"><span style=\"font-size: 11pt; color:#000000\"><a href=\"http:\/\/www.springer.com\/la\/book\/9789811001093\" target=\"_blank\" rel=\"noopener\"><img decoding=\"async\" class=\"alignleft\" src=\"https:\/\/ctextilsustentable.org\/es\/wp-content\/uploads\/2021\/12\/LIBRO-MAG-003.jpg\"><\/a> <a href=\"http:\/\/www.springer.com\/us\/book\/9789811002441\" target=\"_blank\" rel=\"noopener\"><img decoding=\"async\" class=\"alignleft\" src=\"https:\/\/ctextilsustentable.org\/es\/wp-content\/uploads\/2021\/12\/LIBRO-MAG-004.jpg\"><\/a><b>Miguel Angel Gardetti y Subramanian Senthilkannan Muthu<\/b> publicaron el \u201cGreen Fashion\u201d. Los dos vol\u00famenes detallan el quid de la moda ecol\u00f3gica, tratan diversos aspectos ambientales y analizan la importancia de la moda sustentable en la industria de la indumentaria. El <a href=\"http:\/\/www.springer.com\/la\/book\/9789811001093\" target=\"_blank\" rel=\"noopener\"><span style=\"color:#004448\"><b>primero de los vol\u00famenes<\/b><\/span><\/a> fue presentado en Enero de 2016 y el <a href=\"http:\/\/www.springer.com\/us\/book\/9789811002441\" target=\"_blank\" rel=\"noopener\"><span style=\"color:#004448\"><b>segundo<\/b><\/span><\/a> en Febrero de 2016.<\/span><\/p>\n<\/div>\n<\/figure>\n<figure class=\"thumbnail alignnone clearfix\">\n<div class=\"row-fluid\">\n<div class=\"clear\"><\/div>\n<p style=\"margin: 11px\"><span style=\"font-size: 11pt; color:#000000\"><a href=\"http:\/\/www.springer.com\/us\/book\/9789812876324\" target=\"_blank\" rel=\"noopener\"><img decoding=\"async\" class=\"alignleft\" src=\"https:\/\/ctextilsustentable.org\/es\/wp-content\/uploads\/2021\/12\/LIBRO-MAG-001.jpg\"><\/a> <a href=\"http:\/\/www.springer.com\/us\/book\/9789812877413\" target=\"_blank\" rel=\"noopener\"><img decoding=\"async\" class=\"alignleft\" src=\"https:\/\/ctextilsustentable.org\/es\/wp-content\/uploads\/2021\/12\/LIBRO-MAG-002.jpg\"><\/a><b>Miguel Angel Gardetti -Fundador y Director del Centro Textil Sustentable- y Subramanian Senthilkannan Muthu<\/b> publicaron el \u201cHandbook of Sustainable Luxury Textiles and Fashion\u201d. Es el primer libro exclusivamente dedicado a los textiles y moda de lujo sustentables.<br \/>\nEl libro se compone de dos cap\u00edtulos: <a href=\"http:\/\/www.springer.com\/us\/book\/9789812876324\" target=\"_blank\" rel=\"noopener\"><span style=\"color:#004448\"><b>el primero de ellos<\/b><\/span><\/a> presentado en Agosto 2015 y <a href=\"http:\/\/www.springer.com\/us\/book\/9789812877413\" target=\"_blank\" rel=\"noopener\"><span style=\"color:#004448\"><b>el segundo<\/b><\/span><\/a> en Septiembre 2015.<\/span><\/p>\n<\/div>\n<\/figure>\n<figure class=\"thumbnail alignnone clearfix\">\n<div class=\"row-fluid\">\n<div class=\"clear\"><\/div>\n<p style=\"margin: 11px\"><span style=\"font-size: 11pt; color:#000000\"><a href=\"http:\/\/www.greenleaf-publishing.com\/sustainability-in-fashion-and-textiles\" target=\"_blank\" rel=\"noopener\"><img decoding=\"async\" class=\"alignleft\" src=\"https:\/\/ctextilsustentable.org\/es\/wp-content\/uploads\/2021\/12\/libro01.jpg\"><\/a>Tambi\u00e9n <b>Ana Laura Torres<\/b> y  <b>Miguel Angel Gardetti<\/b> -fundadores y coordinadores del Centro Textil Sustentable- fueron los \u00abeditores invitados\u00bb del libro <a href=\"https:\/\/www.routledge.com\/Sustainability-in-Fashion-and-Textiles-Values-Design-Production-and-Consumption\/Gardetti-Torres\/p\/book\/9781906093785\" target=\"_blank\" rel=\"noopener\"><span style=\"color:#004448\"><b>\u00abSustainability in Fashion and Textiles: Values, Design, Production and Consumption\u00bb<\/b><\/span><\/a> (Greenleaf Publishing, UK) (Marzo 2013).<\/span><\/p>\n<\/div>\n<\/figure>\n<\/div>\n<\/div>\n<\/div>\n","protected":false},"excerpt":{"rendered":"<p>Este libro -presentado en Mayo de 2023 y desarrollado por Miguel Angel Gardetti y Patricia Larios-Francia- destaca que la moda, y el crecimiento de la moda, se presentan como la manifestaci\u00f3n de un proceso de civilizaci\u00f3n, dentro de una cultura capitalista (capital entendido como posesiones materiales) que se ha vuelto global e imperialista, de la cual -en un sentido econ\u00f3mico-&nbsp;<a href=\"https:\/\/ctextilsustentable.org\/es\/libros\/\" class=\"read-more\">Seguir leyendo<\/a><\/p>\n","protected":false},"author":2,"featured_media":0,"parent":0,"menu_order":0,"comment_status":"closed","ping_status":"closed","template":"page-fullwidth.php","meta":{"footnotes":""},"class_list":["post-52","page","type-page","status-publish","hentry"],"_links":{"self":[{"href":"https:\/\/ctextilsustentable.org\/es\/wp-json\/wp\/v2\/pages\/52","targetHints":{"allow":["GET"]}}],"collection":[{"href":"https:\/\/ctextilsustentable.org\/es\/wp-json\/wp\/v2\/pages"}],"about":[{"href":"https:\/\/ctextilsustentable.org\/es\/wp-json\/wp\/v2\/types\/page"}],"author":[{"embeddable":true,"href":"https:\/\/ctextilsustentable.org\/es\/wp-json\/wp\/v2\/users\/2"}],"replies":[{"embeddable":true,"href":"https:\/\/ctextilsustentable.org\/es\/wp-json\/wp\/v2\/comments?post=52"}],"version-history":[{"count":11,"href":"https:\/\/ctextilsustentable.org\/es\/wp-json\/wp\/v2\/pages\/52\/revisions"}],"predecessor-version":[{"id":230,"href":"https:\/\/ctextilsustentable.org\/es\/wp-json\/wp\/v2\/pages\/52\/revisions\/230"}],"wp:attachment":[{"href":"https:\/\/ctextilsustentable.org\/es\/wp-json\/wp\/v2\/media?parent=52"}],"curies":[{"name":"wp","href":"https:\/\/api.w.org\/{rel}","templated":true}]}}