{"id":44,"date":"2021-12-16T15:07:14","date_gmt":"2021-12-16T15:07:14","guid":{"rendered":"https:\/\/ctextilsustentable.org\/es\/?page_id=44"},"modified":"2021-12-16T18:44:42","modified_gmt":"2021-12-16T18:44:42","slug":"direccion","status":"publish","type":"page","link":"https:\/\/ctextilsustentable.org\/es\/direccion\/","title":{"rendered":"Direcci\u00f3n"},"content":{"rendered":"<div class=\"row\">\n<div class=\"span12\">\n<div class=\"how-we-can-help-wrap\">\n<figure class=\"thumbnail alignnone clearfix\">\n<div class=\"row-fluid\">\n<div class=\"clear\"><\/div>\n<p style=\"margin: 11px\"><span style=\"font-size: 11pt; color:#000000\">La direcci\u00f3n del CTS est\u00e1 a cargo de <b>Miguel Angel Gardetti<\/b>.<\/span><\/p>\n<p style=\"margin: 11px\"><span style=\"font-size: 11pt; color:#000000\">&nbsp;<\/span><\/p>\n<p style=\"margin: 11px\"><span style=\"font-size: 11pt; color:#000000\"><img decoding=\"async\" class=\"alignleft\" src=\"https:\/\/ctextilsustentable.org\/es\/wp-content\/uploads\/2021\/12\/foto010.jpg\"><b>Miguel \u00c1ngel Gardetti<\/b> es Ingeniero Textil (Universidad Tecnol\u00f3gica Nacional) especializado en fibras duras y provenientes de tallo (lino, yute, c\u00e1\u00f1amo, ramio y sisal) y con desempe\u00f1o en industrias locales y del exterior. Tambi\u00e9n es Ph.D. con especializaci\u00f3n en Gesti\u00f3n Ambiental (California Miramar University, USA). Realiz\u00f3 previamente dos maestr\u00edas: la primera, en Administraci\u00f3n de Empresas (Instituto de Altos Estudios Empresariales, IAE &#8211; Universidad Austral, Buenos Aires) y la segunda, en Estudios Ambientales (Universidad de Ciencias Empresariales y Sociales, Buenos Aires).<br \/>\nEs Director del Instituto de Estudios para la Sustentabilidad Corporativa y ha desarrollado varios trabajos en dicha \u00e1rea. Adem\u00e1s, cuenta con publicaciones internacionales en el \u00e1rea de los textiles y de la moda sustentables.<\/span><\/p>\n<p style=\"margin: 11px\"><span style=\"font-size: 11pt; color:#000000\">&nbsp;<\/span><\/p>\n<\/div>\n<\/figure>\n<\/div>\n<\/div>\n<\/div>\n","protected":false},"excerpt":{"rendered":"<p>La direcci\u00f3n del CTS est\u00e1 a cargo de Miguel Angel Gardetti. &nbsp; Miguel \u00c1ngel Gardetti es Ingeniero Textil (Universidad Tecnol\u00f3gica Nacional) especializado en fibras duras y provenientes de tallo (lino, yute, c\u00e1\u00f1amo, ramio y sisal) y con desempe\u00f1o en industrias locales y del exterior. Tambi\u00e9n es Ph.D. con especializaci\u00f3n en Gesti\u00f3n Ambiental (California Miramar University, USA). Realiz\u00f3 previamente dos maestr\u00edas:&nbsp;<a href=\"https:\/\/ctextilsustentable.org\/es\/direccion\/\" class=\"read-more\">Seguir leyendo<\/a><\/p>\n","protected":false},"author":2,"featured_media":0,"parent":0,"menu_order":0,"comment_status":"closed","ping_status":"closed","template":"page-fullwidth.php","meta":{"footnotes":""},"class_list":["post-44","page","type-page","status-publish","hentry"],"_links":{"self":[{"href":"https:\/\/ctextilsustentable.org\/es\/wp-json\/wp\/v2\/pages\/44","targetHints":{"allow":["GET"]}}],"collection":[{"href":"https:\/\/ctextilsustentable.org\/es\/wp-json\/wp\/v2\/pages"}],"about":[{"href":"https:\/\/ctextilsustentable.org\/es\/wp-json\/wp\/v2\/types\/page"}],"author":[{"embeddable":true,"href":"https:\/\/ctextilsustentable.org\/es\/wp-json\/wp\/v2\/users\/2"}],"replies":[{"embeddable":true,"href":"https:\/\/ctextilsustentable.org\/es\/wp-json\/wp\/v2\/comments?post=44"}],"version-history":[{"count":4,"href":"https:\/\/ctextilsustentable.org\/es\/wp-json\/wp\/v2\/pages\/44\/revisions"}],"predecessor-version":[{"id":89,"href":"https:\/\/ctextilsustentable.org\/es\/wp-json\/wp\/v2\/pages\/44\/revisions\/89"}],"wp:attachment":[{"href":"https:\/\/ctextilsustentable.org\/es\/wp-json\/wp\/v2\/media?parent=44"}],"curies":[{"name":"wp","href":"https:\/\/api.w.org\/{rel}","templated":true}]}}