{"id":34,"date":"2021-12-16T15:03:31","date_gmt":"2021-12-16T15:03:31","guid":{"rendered":"https:\/\/ctextilsustentable.org\/es\/?page_id=34"},"modified":"2024-12-14T14:25:27","modified_gmt":"2024-12-14T14:25:27","slug":"alianzas","status":"publish","type":"page","link":"https:\/\/ctextilsustentable.org\/es\/alianzas\/","title":{"rendered":"Alianzas"},"content":{"rendered":"<div class=\"row\">\n<div class=\"span12\">\n<div class=\"how-we-can-help-wrap\">\n<figure class=\"thumbnail alignnone clearfix\">\n<div class=\"row-fluid\">\n<div class=\"clear\"><\/div>\n<table border=\"0\" width=\"100%\">\n<tbody>\n<tr>\n<td><img decoding=\"async\" src=\"https:\/\/ctextilsustentable.org\/es\/wp-content\/uploads\/2021\/12\/foto009.jpg\"><\/td>\n<td width=\"50%\">\n<p style=\"margin: 11px\"><span style=\"font-size: 11pt; color:#000000\">Se han suscripto convenios con las siguientes Universidades:<\/span><\/p>\n<p style=\"margin: 11px\"><span style=\"font-size: 11pt; color:#000000\">&nbsp;<\/span><\/p>\n<p style=\"margin: 11px\"><span style=\"font-size: 11pt; color:#000000\">Con la <b>Universidad Tecnol\u00f3gica Nacional<\/b> (Buenos Aires, Argentina).<\/span><\/p>\n<p style=\"margin: 11px\"><span style=\"font-size: 11pt; color:#000000\">Con la <b>Universidad EAFIT<\/b> (Medell\u00edn, Colombia). <\/span><\/p>\n<p style=\"margin: 11px\"><span style=\"font-size: 11pt; color:#000000\">Con la <b>Universidad de Empresa<\/b> (Montevideo, Uruguay).<\/span><\/p>\n<p style=\"margin: 11px\"><span style=\"font-size: 11pt; color:#000000\">Con la <b>Universidad de Panam\u00e1<\/b> (Panam\u00e1).<br \/>\n<\/span><\/p>\n<p style=\"margin: 11px\"><span style=\"font-size: 11pt; color:#000000\">Con la <b>Universidad Pontificia Bolivariana<\/b> (Medell\u00edn, Colombia).<\/span><\/p>\n<p style=\"margin: 11px\"><span style=\"font-size: 11pt; color:#000000\">Con la <b>Instituto Universitario Pascual Bravo<\/b> (Medell\u00edn, Colombia).<\/span><\/p>\n<p style=\"margin: 11px\"><span style=\"font-size: 11pt; color:#000000\">Con la <b>Universidad del Pac\u00edfico<\/b> (Chile).<\/span><\/p>\n<\/td>\n<\/tr>\n<\/tbody>\n<\/table>\n<\/div>\n<\/figure>\n<\/div>\n<\/div>\n<\/div>\n","protected":false},"excerpt":{"rendered":"<p>Se han suscripto convenios con las siguientes Universidades: &nbsp; Con la Universidad Tecnol\u00f3gica Nacional (Buenos Aires, Argentina). Con la Universidad EAFIT (Medell\u00edn, Colombia). Con la Universidad de Empresa (Montevideo, Uruguay). Con la Universidad de Panam\u00e1 (Panam\u00e1). Con la Universidad Pontificia Bolivariana (Medell\u00edn, Colombia). Con la Instituto Universitario Pascual Bravo (Medell\u00edn, Colombia). Con la Universidad del Pac\u00edfico (Chile).<\/p>\n","protected":false},"author":2,"featured_media":0,"parent":0,"menu_order":0,"comment_status":"closed","ping_status":"closed","template":"page-fullwidth.php","meta":{"footnotes":""},"class_list":["post-34","page","type-page","status-publish","hentry"],"_links":{"self":[{"href":"https:\/\/ctextilsustentable.org\/es\/wp-json\/wp\/v2\/pages\/34","targetHints":{"allow":["GET"]}}],"collection":[{"href":"https:\/\/ctextilsustentable.org\/es\/wp-json\/wp\/v2\/pages"}],"about":[{"href":"https:\/\/ctextilsustentable.org\/es\/wp-json\/wp\/v2\/types\/page"}],"author":[{"embeddable":true,"href":"https:\/\/ctextilsustentable.org\/es\/wp-json\/wp\/v2\/users\/2"}],"replies":[{"embeddable":true,"href":"https:\/\/ctextilsustentable.org\/es\/wp-json\/wp\/v2\/comments?post=34"}],"version-history":[{"count":5,"href":"https:\/\/ctextilsustentable.org\/es\/wp-json\/wp\/v2\/pages\/34\/revisions"}],"predecessor-version":[{"id":269,"href":"https:\/\/ctextilsustentable.org\/es\/wp-json\/wp\/v2\/pages\/34\/revisions\/269"}],"wp:attachment":[{"href":"https:\/\/ctextilsustentable.org\/es\/wp-json\/wp\/v2\/media?parent=34"}],"curies":[{"name":"wp","href":"https:\/\/api.w.org\/{rel}","templated":true}]}}