{"id":198,"date":"2022-11-23T12:50:33","date_gmt":"2022-11-23T12:50:33","guid":{"rendered":"https:\/\/ctextilsustentable.org\/es\/?page_id=198"},"modified":"2025-10-28T20:23:26","modified_gmt":"2025-10-28T20:23:26","slug":"actividades","status":"publish","type":"page","link":"https:\/\/ctextilsustentable.org\/es\/actividades\/","title":{"rendered":"Actividades"},"content":{"rendered":"<div class=\"row\">\n<div class=\"span12\">\n<div class=\"how-we-can-help-wrap\">\n<figure class=\"thumbnail alignnone clearfix\">\n<div class=\"row-fluid\">\n<div class=\"clear\"><\/div>\n<p style=\"margin: 11px;\"><span style=\"font-size: 11pt; color: #000000;\"><b>EL CENTRO TEXTIL SUSTENTABLE<\/b> organiza y desarrolla el Programa<\/span><\/p>\n<p style=\"margin: 11px;\"><span style=\"font-size: 11pt; color: #000000;\">\u201c<b>\u201cMODA y DECRECIMIENTO: \u00bfC\u00f3mo hacer REALMENTE que una marca sea SOSTENIBLE? &#8211; GU\u00cdA PR\u00c1CTICA para Emprendedores y PyMEs\u201d.<\/b>\u201d.<\/span><\/p>\n<p style=\"margin: 11px;\"><span style=\"font-size: 11pt; color: #000000;\">Para m\u00e1s informaci\u00f3n <a href=\"https:\/\/insignia.ar\/fv\/prog027\/aspsql\/descargar.asp\" target=\"_blank\" rel=\"noopener\"><span style=\"color: #004448;\"><b>CLICKEE AQUI<\/b><\/span><\/a><\/span><\/p>\n<p style=\"margin: 11px;\"><span style=\"font-size: 11pt; color: #000000;\"><iframe loading=\"lazy\" src=\"https:\/\/insignia.ar\/fv\/prog027\/aspsql\/visitas.asp\" name=\"I1\" width=\"50%\" height=\"15\" frameborder=\"0\" marginwidth=\"1\" marginheight=\"1\" scrolling=\"no\"><br \/>\nYour browser does not support inline frames or is currently configured not to display inline frames.<br \/>\n<\/iframe><\/span><\/p>\n<p style=\"margin: 11px;\" align=\"right\"><span style=\"font-size: 15pt; color: #000000;\"><a href=\"https:\/\/ctextilsustentable.org\/es\/inscripcion20\/\" target=\"_self\" rel=\"noopener\"><span style=\"color: #000000;\"><b>INSCRIPCI\u00d3N y PAGO<\/b><\/span><\/a><\/span><\/p>\n<\/div>\n<\/figure>\n<\/div>\n<\/div>\n<\/div>\n","protected":false},"excerpt":{"rendered":"<p>EL CENTRO TEXTIL SUSTENTABLE organiza y desarrolla el Programa \u201c\u201cMODA y DECRECIMIENTO: \u00bfC\u00f3mo hacer REALMENTE que una marca sea SOSTENIBLE? &#8211; GU\u00cdA PR\u00c1CTICA para Emprendedores y PyMEs\u201d.\u201d. Para m\u00e1s informaci\u00f3n CLICKEE AQUI Your browser does not support inline frames or is currently configured not to display inline frames. INSCRIPCI\u00d3N y PAGO<\/p>\n","protected":false},"author":2,"featured_media":0,"parent":0,"menu_order":0,"comment_status":"closed","ping_status":"closed","template":"page-fullwidth.php","meta":{"footnotes":""},"class_list":["post-198","page","type-page","status-publish","hentry"],"_links":{"self":[{"href":"https:\/\/ctextilsustentable.org\/es\/wp-json\/wp\/v2\/pages\/198","targetHints":{"allow":["GET"]}}],"collection":[{"href":"https:\/\/ctextilsustentable.org\/es\/wp-json\/wp\/v2\/pages"}],"about":[{"href":"https:\/\/ctextilsustentable.org\/es\/wp-json\/wp\/v2\/types\/page"}],"author":[{"embeddable":true,"href":"https:\/\/ctextilsustentable.org\/es\/wp-json\/wp\/v2\/users\/2"}],"replies":[{"embeddable":true,"href":"https:\/\/ctextilsustentable.org\/es\/wp-json\/wp\/v2\/comments?post=198"}],"version-history":[{"count":27,"href":"https:\/\/ctextilsustentable.org\/es\/wp-json\/wp\/v2\/pages\/198\/revisions"}],"predecessor-version":[{"id":295,"href":"https:\/\/ctextilsustentable.org\/es\/wp-json\/wp\/v2\/pages\/198\/revisions\/295"}],"wp:attachment":[{"href":"https:\/\/ctextilsustentable.org\/es\/wp-json\/wp\/v2\/media?parent=198"}],"curies":[{"name":"wp","href":"https:\/\/api.w.org\/{rel}","templated":true}]}}