{"id":15,"date":"2021-12-16T14:13:22","date_gmt":"2021-12-16T14:13:22","guid":{"rendered":"https:\/\/ctextilsustentable.org\/es\/?page_id=15"},"modified":"2021-12-16T17:14:25","modified_gmt":"2021-12-16T17:14:25","slug":"portada","status":"publish","type":"page","link":"https:\/\/ctextilsustentable.org\/es\/","title":{"rendered":"Portada"},"content":{"rendered":"<div class=\"row\">\n<div class=\"span12\">\n<div class=\"how-we-can-help-wrap\">\n<h1><span style=\"font-size: 13pt; color:#FFFFFF\">Institucional<\/span><\/h1>\n<figure class=\"thumbnail alignnone clearfix\">\n<div class=\"row-fluid\">\n<div class=\"clear\"><\/div>\n<p style=\"margin: 11px\"><span style=\"font-size: 11pt; color:#000000\">En consonancia con su misi\u00f3n, -que el aprendizaje y la investigaci\u00f3n acad\u00e9mica cobren relevancia y actualidad para los futuros l\u00edderes tanto empresarios, como del gobierno y tercer sector- el <a href=\"http:\/\/www.sustentabilidad.org.ar\" target=\"_blank\" rel=\"noopener\"><span style=\"color:#004448\"><b>Instituto de Estudios para la Sustentabilidad Corporativa<\/b><\/span><\/a> ha decidido crear -en 2008- el <b>Centro Textil Sustentable (CTS)<\/b> para brindar a este sector de la econom\u00eda una perspectiva m\u00e1s amplia que garantice que los temas sociales y ambientales sean totalmente integrados en la toma de decisiones adoptando una apreciaci\u00f3n de desaf\u00edo estrat\u00e9gico de la Sustentabilidad. Este Centro promueve una visi\u00f3n hol\u00edstica, multidimensional y m\u00e1s sustentable del sector textil que -como se ha visto- incluye la moda. Por eso su visi\u00f3n es la de ser un centro de investigaci\u00f3n acad\u00e9mica internacionalmente reconocido con el fin de promover y crear una industria textil y de moda sustentables. Esto se logra a trav\u00e9s de la generaci\u00f3n y transferencia de conocimiento, la educaci\u00f3n y el desarrollo de capacidades y de alianzas estrat\u00e9gicas.<\/span><\/p>\n<p style=\"margin: 11px\"><span style=\"font-size: 11pt; color:#000000\">&nbsp;<\/span><\/p>\n<p style=\"margin: 1px 11px 0px 11px; line-height: 14px\"><span style=\"font-size: 8pt; color:#666666\"><b>Las im\u00e1genes son gentileza de:<\/b><\/span><\/p>\n<p style=\"margin: 1px 11px 0px 11px; line-height: 14px\"><span style=\"font-size: 8pt; color:#666666\">Deutsches Textilforum \u2013 Heft 2\/82 Juni.<\/span><\/p>\n<p style=\"margin: 1px 11px 0px 11px; line-height: 14px\"><span style=\"font-size: 8pt; color:#666666\">Deutsches Textilforum \u2013 Heft 1\/85 M\u00e4rz.<\/span><\/p>\n<p style=\"margin: 1px 11px 0px 11px; line-height: 14px\"><span style=\"font-size: 8pt; color:#666666\">Deutsches Textilforum \u2013 2\/95 June.<\/span><\/p>\n<\/div>\n<\/figure>\n<\/div>\n<\/div>\n<\/div>\n","protected":false},"excerpt":{"rendered":"<p>Institucional En consonancia con su misi\u00f3n, -que el aprendizaje y la investigaci\u00f3n acad\u00e9mica cobren relevancia y actualidad para los futuros l\u00edderes tanto empresarios, como del gobierno y tercer sector- el Instituto de Estudios para la Sustentabilidad Corporativa ha decidido crear -en 2008- el Centro Textil Sustentable (CTS) para brindar a este sector de la econom\u00eda una perspectiva m\u00e1s amplia que&nbsp;<a href=\"https:\/\/ctextilsustentable.org\/es\/\" class=\"read-more\">Seguir leyendo<\/a><\/p>\n","protected":false},"author":2,"featured_media":0,"parent":0,"menu_order":0,"comment_status":"closed","ping_status":"closed","template":"page-home.php","meta":{"footnotes":""},"class_list":["post-15","page","type-page","status-publish","hentry"],"_links":{"self":[{"href":"https:\/\/ctextilsustentable.org\/es\/wp-json\/wp\/v2\/pages\/15","targetHints":{"allow":["GET"]}}],"collection":[{"href":"https:\/\/ctextilsustentable.org\/es\/wp-json\/wp\/v2\/pages"}],"about":[{"href":"https:\/\/ctextilsustentable.org\/es\/wp-json\/wp\/v2\/types\/page"}],"author":[{"embeddable":true,"href":"https:\/\/ctextilsustentable.org\/es\/wp-json\/wp\/v2\/users\/2"}],"replies":[{"embeddable":true,"href":"https:\/\/ctextilsustentable.org\/es\/wp-json\/wp\/v2\/comments?post=15"}],"version-history":[{"count":2,"href":"https:\/\/ctextilsustentable.org\/es\/wp-json\/wp\/v2\/pages\/15\/revisions"}],"predecessor-version":[{"id":83,"href":"https:\/\/ctextilsustentable.org\/es\/wp-json\/wp\/v2\/pages\/15\/revisions\/83"}],"wp:attachment":[{"href":"https:\/\/ctextilsustentable.org\/es\/wp-json\/wp\/v2\/media?parent=15"}],"curies":[{"name":"wp","href":"https:\/\/api.w.org\/{rel}","templated":true}]}}