{"id":37,"date":"2021-12-16T17:04:16","date_gmt":"2021-12-16T17:04:16","guid":{"rendered":"https:\/\/ctextilsustentable.org\/en\/?page_id=37"},"modified":"2024-12-14T14:26:09","modified_gmt":"2024-12-14T14:26:09","slug":"alliances","status":"publish","type":"page","link":"https:\/\/ctextilsustentable.org\/en\/alliances\/","title":{"rendered":"Alliances"},"content":{"rendered":"<div class=\"row\">\n<div class=\"span12\">\n<div class=\"how-we-can-help-wrap\">\n<figure class=\"thumbnail alignnone clearfix\">\n<div class=\"row-fluid\">\n<div class=\"clear\"><\/div>\n<table border=\"0\" width=\"100%\">\n<tbody>\n<tr>\n<td><img decoding=\"async\" src=\"https:\/\/ctextilsustentable.org\/en\/wp-content\/uploads\/2021\/12\/foto009.jpg\"><\/td>\n<td width=\"50%\">\n<p style=\"margin: 11px\"><span style=\"font-size: 11pt; color:#000000\">The Center signed agreements with the following universities:<\/span><\/p>\n<p style=\"margin: 11px\"><span style=\"font-size: 11pt; color:#000000\">&nbsp;<\/span><\/p>\n<p style=\"margin: 11px\"><span style=\"font-size: 11pt; color:#000000\"><b>Universidad Tecnol\u00f3gica Nacional<\/b> (Buenos Aires, Argentina).<\/span><\/p>\n<p style=\"margin: 11px\"><span style=\"font-size: 11pt; color:#000000\"><b>Universidad EAFIT<\/b> (Medell\u00edn, Colombia). <\/span><\/p>\n<p style=\"margin: 11px\"><span style=\"font-size: 11pt; color:#000000\"><b>Universidad de Empresa<\/b> (Montevideo, Uruguay).<\/span><\/p>\n<p style=\"margin: 11px\"><span style=\"font-size: 11pt; color:#000000\"><b>Universidad de Panam\u00e1<\/b> (Panam\u00e1).<br \/>\n<\/span><\/p>\n<p style=\"margin: 11px\"><span style=\"font-size: 11pt; color:#000000\"><b>Universidad Pontificia Bolivariana<\/b> (Medell\u00edn, Colombia).<\/span><\/p>\n<p style=\"margin: 11px\"><span style=\"font-size: 11pt; color:#000000\"><b>Instituto Universitario Pascual Bravo<\/b> (Medell\u00edn, Colombia).<\/span><\/p>\n<p style=\"margin: 11px\"><span style=\"font-size: 11pt; color:#000000\"><b>Universidad del Pac\u00edfico<\/b> (Chile).<\/span><\/p>\n<\/td>\n<\/tr>\n<\/tbody>\n<\/table>\n<\/div>\n<\/figure>\n<\/div>\n<\/div>\n<\/div>\n","protected":false},"excerpt":{"rendered":"<p>The Center signed agreements with the following universities: &nbsp; Universidad Tecnol\u00f3gica Nacional (Buenos Aires, Argentina). Universidad EAFIT (Medell\u00edn, Colombia). Universidad de Empresa (Montevideo, Uruguay). Universidad de Panam\u00e1 (Panam\u00e1). Universidad Pontificia Bolivariana (Medell\u00edn, Colombia). Instituto Universitario Pascual Bravo (Medell\u00edn, Colombia). Universidad del Pac\u00edfico (Chile).<\/p>\n","protected":false},"author":2,"featured_media":0,"parent":0,"menu_order":0,"comment_status":"closed","ping_status":"closed","template":"page-fullwidth.php","meta":{"footnotes":""},"class_list":["post-37","page","type-page","status-publish","hentry"],"_links":{"self":[{"href":"https:\/\/ctextilsustentable.org\/en\/wp-json\/wp\/v2\/pages\/37","targetHints":{"allow":["GET"]}}],"collection":[{"href":"https:\/\/ctextilsustentable.org\/en\/wp-json\/wp\/v2\/pages"}],"about":[{"href":"https:\/\/ctextilsustentable.org\/en\/wp-json\/wp\/v2\/types\/page"}],"author":[{"embeddable":true,"href":"https:\/\/ctextilsustentable.org\/en\/wp-json\/wp\/v2\/users\/2"}],"replies":[{"embeddable":true,"href":"https:\/\/ctextilsustentable.org\/en\/wp-json\/wp\/v2\/comments?post=37"}],"version-history":[{"count":4,"href":"https:\/\/ctextilsustentable.org\/en\/wp-json\/wp\/v2\/pages\/37\/revisions"}],"predecessor-version":[{"id":177,"href":"https:\/\/ctextilsustentable.org\/en\/wp-json\/wp\/v2\/pages\/37\/revisions\/177"}],"wp:attachment":[{"href":"https:\/\/ctextilsustentable.org\/en\/wp-json\/wp\/v2\/media?parent=37"}],"curies":[{"name":"wp","href":"https:\/\/api.w.org\/{rel}","templated":true}]}}